{"id":27,"date":"2015-12-28T14:27:02","date_gmt":"2015-12-28T14:27:02","guid":{"rendered":"http:\/\/www.aldema.com.ar\/?page_id=27"},"modified":"2021-02-20T16:35:02","modified_gmt":"2021-02-20T19:35:02","slug":"historia","status":"publish","type":"page","link":"https:\/\/www.aldema.com.ar\/?page_id=27","title":{"rendered":"Historia"},"content":{"rendered":"<div class=\"wp-block-image\"><figure class=\"alignleft\"><a href=\"http:\/\/www.aldema.com.ar\/wp-content\/uploads\/2017\/01\/marx-1.jpg\"><img loading=\"lazy\" decoding=\"async\" width=\"300\" height=\"240\" src=\"http:\/\/www.aldema.com.ar\/wp-content\/uploads\/2017\/01\/marx-1-300x240.jpg\" alt=\"\" class=\"wp-image-98\" srcset=\"https:\/\/www.aldema.com.ar\/wp-content\/uploads\/2017\/01\/marx-1-300x240.jpg 300w, https:\/\/www.aldema.com.ar\/wp-content\/uploads\/2017\/01\/marx-1-230x184.jpg 230w, https:\/\/www.aldema.com.ar\/wp-content\/uploads\/2017\/01\/marx-1-350x280.jpg 350w, https:\/\/www.aldema.com.ar\/wp-content\/uploads\/2017\/01\/marx-1-480x383.jpg 480w, https:\/\/www.aldema.com.ar\/wp-content\/uploads\/2017\/01\/marx-1.jpg 706w\" sizes=\"auto, (max-width: 300px) 100vw, 300px\" \/><\/a><\/figure><\/div><p><span class=\"western\" lang=\"es-ES\">La iniciativa del Padre Jos\u00e9 Marx, en unir a los peque\u00f1os fabricantes y agricultores en una Cooperativa, se hizo realidad el 4 de Abril del a\u00f1o 1966, dejando constituida la <\/span><span lang=\"es-ES\"><b>COOPERATIVA AGR\u00cdCOLA E INDUSTRIAL SAN ALBERTO LTDA. <\/b><\/span><span lang=\"es-ES\"> El fin era poder comercializar en forma conjunta la f\u00e9cula que se produc\u00eda en el Departamento L. G. San Mart\u00edn, Provincia de Misiones, Argentina, la falta de una calidad uniforme, era una de las mayores dificultades, es por eso que la instalaci\u00f3n de una moderna planta industrializadora de F\u00e9cula se consider\u00f3 necesario. Motivo que lleva al Consejo de Administraci\u00f3n a la construcci\u00f3n de la f\u00e1brica con mayor Capacidad y tecnolog\u00eda en el proceso de la elaboraci\u00f3n de aquella \u00e9poca; con la ayuda de los socios integrando cuotas sociales, Cr\u00e9ditos Bancarios, apoyo del Gobierno de la Provincia de Misiones y la gesti\u00f3n del Padre Jos\u00e9 Marx, que consigue dinero de Alemania, se logra el objetivo y a mediados del a\u00f1o 1969, se comenzaba a industrializar las primeras ra\u00edces de mandioca que fueron unas 2.700 toneladas. Actualmente la Cooperativa tiene una Capacidad instalada de 250 toneladas de Mandioca por d\u00eda, que equivalen a unas 60 toneladas de f\u00e9cula; produci\u00e9ndose m\u00e1s de 5.000 toneladas por a\u00f1o, de f\u00e9cula nativa; tambi\u00e9n produce f\u00e9cula Modificadas, Adhesivos, Pre mezcla para chipitas y Pur\u00e9 deshidratado de Mandioca. Como as\u00ed tambi\u00e9n se envasan otros productos como ser, Fari\u00f1a de Mandioca, Sag\u00fa de Mandioca y Almid\u00f3n de Ma\u00edz.-<\/span><\/p><div class=\"wp-block-image\"><figure class=\"aligncenter\"><a href=\"http:\/\/www.aldema.com.ar\/wp-content\/uploads\/2017\/01\/31.jpg\"><img loading=\"lazy\" decoding=\"async\" width=\"300\" height=\"191\" src=\"http:\/\/www.aldema.com.ar\/wp-content\/uploads\/2017\/01\/31-300x191.jpg\" alt=\"\" class=\"wp-image-96\" srcset=\"https:\/\/www.aldema.com.ar\/wp-content\/uploads\/2017\/01\/31-300x191.jpg 300w, https:\/\/www.aldema.com.ar\/wp-content\/uploads\/2017\/01\/31-230x147.jpg 230w, https:\/\/www.aldema.com.ar\/wp-content\/uploads\/2017\/01\/31-350x223.jpg 350w, https:\/\/www.aldema.com.ar\/wp-content\/uploads\/2017\/01\/31-480x306.jpg 480w, https:\/\/www.aldema.com.ar\/wp-content\/uploads\/2017\/01\/31.jpg 518w\" sizes=\"auto, (max-width: 300px) 100vw, 300px\" \/><\/a><\/figure><\/div><p><span lang=\"es-ES\"><\/span><\/p>","protected":false},"excerpt":{"rendered":"<p>La iniciativa del Padre Jos\u00e9 Marx, en unir a los peque\u00f1os fabricantes y agricultores en una Cooperativa, se hizo realidad el 4 [&hellip;]<\/p>\n","protected":false},"author":1,"featured_media":0,"parent":0,"menu_order":0,"comment_status":"closed","ping_status":"closed","template":"page-templates\/page_fullwidth.php","meta":{"footnotes":""},"class_list":["post-27","page","type-page","status-publish","hentry"],"_links":{"self":[{"href":"https:\/\/www.aldema.com.ar\/index.php?rest_route=\/wp\/v2\/pages\/27","targetHints":{"allow":["GET"]}}],"collection":[{"href":"https:\/\/www.aldema.com.ar\/index.php?rest_route=\/wp\/v2\/pages"}],"about":[{"href":"https:\/\/www.aldema.com.ar\/index.php?rest_route=\/wp\/v2\/types\/page"}],"author":[{"embeddable":true,"href":"https:\/\/www.aldema.com.ar\/index.php?rest_route=\/wp\/v2\/users\/1"}],"replies":[{"embeddable":true,"href":"https:\/\/www.aldema.com.ar\/index.php?rest_route=%2Fwp%2Fv2%2Fcomments&post=27"}],"version-history":[{"count":7,"href":"https:\/\/www.aldema.com.ar\/index.php?rest_route=\/wp\/v2\/pages\/27\/revisions"}],"predecessor-version":[{"id":167,"href":"https:\/\/www.aldema.com.ar\/index.php?rest_route=\/wp\/v2\/pages\/27\/revisions\/167"}],"wp:attachment":[{"href":"https:\/\/www.aldema.com.ar\/index.php?rest_route=%2Fwp%2Fv2%2Fmedia&parent=27"}],"curies":[{"name":"wp","href":"https:\/\/api.w.org\/{rel}","templated":true}]}}