{"id":125,"date":"2019-06-10T10:51:48","date_gmt":"2019-06-10T13:51:48","guid":{"rendered":"http:\/\/www.aldema.com.ar\/?page_id=125"},"modified":"2021-02-20T16:47:54","modified_gmt":"2021-02-20T19:47:54","slug":"recetas","status":"publish","type":"page","link":"https:\/\/www.aldema.com.ar\/?page_id=125","title":{"rendered":"Recetas"},"content":{"rendered":"<h4 class=\"wp-block-heading\"><span lang=\"es-ES-u-co-trad\">PURE DESHIDRATADO DE MANDIOCA<\/span><\/h4><h4 class=\"alignwide has-text-align-center wp-block-heading\"><span lang=\"es-ES-u-co-trad\"><a href=\"http:\/\/www.aldema.com.ar\/wp-content\/uploads\/2019\/06\/DSC_6945.jpg\"><img loading=\"lazy\" decoding=\"async\" class=\"alignnone wp-image-137\" src=\"http:\/\/www.aldema.com.ar\/wp-content\/uploads\/2019\/06\/DSC_6945-1024x678.jpg\" alt=\"\" width=\"776\" height=\"514\" srcset=\"https:\/\/www.aldema.com.ar\/wp-content\/uploads\/2019\/06\/DSC_6945-1024x678.jpg 1024w, https:\/\/www.aldema.com.ar\/wp-content\/uploads\/2019\/06\/DSC_6945-800x530.jpg 800w, https:\/\/www.aldema.com.ar\/wp-content\/uploads\/2019\/06\/DSC_6945-300x199.jpg 300w, https:\/\/www.aldema.com.ar\/wp-content\/uploads\/2019\/06\/DSC_6945-768x509.jpg 768w, https:\/\/www.aldema.com.ar\/wp-content\/uploads\/2019\/06\/DSC_6945-830x550.jpg 830w, https:\/\/www.aldema.com.ar\/wp-content\/uploads\/2019\/06\/DSC_6945-230x152.jpg 230w, https:\/\/www.aldema.com.ar\/wp-content\/uploads\/2019\/06\/DSC_6945-350x232.jpg 350w, https:\/\/www.aldema.com.ar\/wp-content\/uploads\/2019\/06\/DSC_6945-480x318.jpg 480w\" sizes=\"auto, (max-width: 776px) 100vw, 776px\" \/><\/a><\/span><\/h4><ol class=\"wp-block-list\"><li><span lang=\"es-ES-u-co-trad\">Colocar en una cacerola 350 cm3 de agua, 250 cm3 de leche, 25 gramos de manteca y sal a gusto.<\/span><\/li><li><span lang=\"es-ES-u-co-trad\">Llevar el agua y la leche a punto de ebullici\u00f3n, retirarlo del fuego, espolvoreando el contenido del paquete de pur\u00e9 deshidratado de Mandioca ALDEMA muy despacito mientras lo revuelve la mezcla en forma lenta para que no se formen grumos.<\/span><\/li><li><span lang=\"es-ES-u-co-trad\">Dejar reposar unos 3 minutos y luego servir.<\/span><\/li><\/ol><p><strong><span lang=\"es-ES-u-co-trad\">Importante la temperatura del agua, en caso de ser muy caliente puede que el resultado sea el no deseado (se pone gelatinoso)<\/span><\/strong><\/p><h4 class=\"wp-block-heading\">&nbsp;<\/h4><h4 class=\"wp-block-heading\"><span lang=\"es-ES-u-co-trad\">NOQUIS DE MANDIOCA<\/span><\/h4><figure class=\"wp-block-image alignwide\"><a href=\"http:\/\/www.aldema.com.ar\/wp-content\/uploads\/2019\/06\/noquis-con-salsa-de-tomate.jpg\"><img loading=\"lazy\" decoding=\"async\" width=\"1024\" height=\"603\" src=\"http:\/\/www.aldema.com.ar\/wp-content\/uploads\/2019\/06\/noquis-con-salsa-de-tomate-1024x603.jpg\" alt=\"\" class=\"wp-image-139\" srcset=\"https:\/\/www.aldema.com.ar\/wp-content\/uploads\/2019\/06\/noquis-con-salsa-de-tomate-1024x603.jpg 1024w, https:\/\/www.aldema.com.ar\/wp-content\/uploads\/2019\/06\/noquis-con-salsa-de-tomate-800x471.jpg 800w, https:\/\/www.aldema.com.ar\/wp-content\/uploads\/2019\/06\/noquis-con-salsa-de-tomate-300x177.jpg 300w, https:\/\/www.aldema.com.ar\/wp-content\/uploads\/2019\/06\/noquis-con-salsa-de-tomate-768x452.jpg 768w, https:\/\/www.aldema.com.ar\/wp-content\/uploads\/2019\/06\/noquis-con-salsa-de-tomate-830x489.jpg 830w, https:\/\/www.aldema.com.ar\/wp-content\/uploads\/2019\/06\/noquis-con-salsa-de-tomate-230x135.jpg 230w, https:\/\/www.aldema.com.ar\/wp-content\/uploads\/2019\/06\/noquis-con-salsa-de-tomate-350x206.jpg 350w, https:\/\/www.aldema.com.ar\/wp-content\/uploads\/2019\/06\/noquis-con-salsa-de-tomate-480x283.jpg 480w, https:\/\/www.aldema.com.ar\/wp-content\/uploads\/2019\/06\/noquis-con-salsa-de-tomate.jpg 1140w\" sizes=\"auto, (max-width: 1024px) 100vw, 1024px\" \/><\/a><\/figure><ol class=\"wp-block-list\"><li><span lang=\"es-ES-u-co-trad\">Colocar en un bol el contenido del paquete de Pur\u00e9 deshidratado de mandioca ALDEMA, agr\u00e9gale 150 cm. de leche tibia y d\u00e9jalo que se hidrate.<\/span><\/li><li><span lang=\"es-ES-u-co-trad\">Una vez hidratado agr\u00e9gale un huevo y harina lo suficiente como para que se pueda amasar lo suficiente hasta formar una masa tierna y consistente, tomar porciones peque\u00f1as de masa y formar rollos finos y largos, cortamos aproximadamente unos 2,5 cm de largo, dej\u00e1ndolos sobre la mesa enharinada para que no se peguen, luego los pasa por los dientes de un tenedor haciendo una leve presi\u00f3n con el pulgar y de esa manera quedar\u00e1n formados los \u00f1oquis<\/span><\/li><li><span lang=\"es-ES-u-co-trad\">Mientras tanto, colocamos al fuego una olla con abundante agua y sal gruesa a gusto, cuando rompa el hervor, incorporamos los \u00f1oquis caseros con cuidado, a medida que vayan subiendo a la superficie estar\u00e1n listos y podemos retirarlos con una espumadera.<\/span><\/li><li><span lang=\"es-ES-u-co-trad\">Lo podes acompa\u00f1ar con tu salsa preferida, o una salsa bolo\u00f1esa y no te lo pierdas que pruebes con un chorrito de aceite de oliva y queso rallado<\/span><\/li><\/ol><p><strong><span lang=\"es-ES-u-co-trad\">Una vez que tengas los \u00f1oquis antes de hervirlos podes congelarlos para cocinarlo en otra ocasi\u00f3n, col\u00f3calo en un recipiente adecuado o bolsa de congelaci\u00f3n.<\/span><\/strong><\/p>","protected":false},"excerpt":{"rendered":"<p>PURE DESHIDRATADO DE MANDIOCA Colocar en una cacerola 350 cm3 de agua, 250 cm3 de leche, 25 gramos de manteca y sal [&hellip;]<\/p>\n","protected":false},"author":1,"featured_media":0,"parent":0,"menu_order":0,"comment_status":"closed","ping_status":"closed","template":"page-templates\/page_fullwidth.php","meta":{"footnotes":""},"class_list":["post-125","page","type-page","status-publish","hentry"],"_links":{"self":[{"href":"https:\/\/www.aldema.com.ar\/index.php?rest_route=\/wp\/v2\/pages\/125","targetHints":{"allow":["GET"]}}],"collection":[{"href":"https:\/\/www.aldema.com.ar\/index.php?rest_route=\/wp\/v2\/pages"}],"about":[{"href":"https:\/\/www.aldema.com.ar\/index.php?rest_route=\/wp\/v2\/types\/page"}],"author":[{"embeddable":true,"href":"https:\/\/www.aldema.com.ar\/index.php?rest_route=\/wp\/v2\/users\/1"}],"replies":[{"embeddable":true,"href":"https:\/\/www.aldema.com.ar\/index.php?rest_route=%2Fwp%2Fv2%2Fcomments&post=125"}],"version-history":[{"count":9,"href":"https:\/\/www.aldema.com.ar\/index.php?rest_route=\/wp\/v2\/pages\/125\/revisions"}],"predecessor-version":[{"id":180,"href":"https:\/\/www.aldema.com.ar\/index.php?rest_route=\/wp\/v2\/pages\/125\/revisions\/180"}],"wp:attachment":[{"href":"https:\/\/www.aldema.com.ar\/index.php?rest_route=%2Fwp%2Fv2%2Fmedia&parent=125"}],"curies":[{"name":"wp","href":"https:\/\/api.w.org\/{rel}","templated":true}]}}